{"id":13362,"date":"2024-01-10T23:18:27","date_gmt":"2024-01-10T22:18:27","guid":{"rendered":"https:\/\/toursys.net\/producto-marketplace\/"},"modified":"2026-03-24T16:18:59","modified_gmt":"2026-03-24T15:18:59","slug":"produto-marketplaces","status":"publish","type":"page","link":"https:\/\/toursys.net\/pt-br\/produto-marketplaces\/","title":{"rendered":"Toursys Marketplace"},"content":{"rendered":"\t\t<div data-elementor-type=\"wp-page\" data-elementor-id=\"13362\" class=\"elementor elementor-13362 elementor-1695\" data-elementor-post-type=\"page\">\n\t\t\t\t<div class=\"elementor-element elementor-element-a993594 e-con-full e-flex e-con e-parent\" data-id=\"a993594\" data-element_type=\"container\" data-e-type=\"container\" data-settings=\"{&quot;background_background&quot;:&quot;gradient&quot;}\">\n\t\t<div class=\"elementor-element elementor-element-d550152 e-flex e-con-boxed e-con e-child\" data-id=\"d550152\" data-element_type=\"container\" data-e-type=\"container\">\n\t\t\t\t\t<div class=\"e-con-inner\">\n\t\t\t\t<div class=\"elementor-element elementor-element-1f44a2c elementor-widget__width-initial elementor-widget-laptop__width-initial elementor-widget-widescreen__width-initial elementor-widget elementor-widget-heading\" data-id=\"1f44a2c\" data-element_type=\"widget\" data-e-type=\"widget\" data-widget_type=\"heading.default\">\n\t\t\t\t<div class=\"elementor-widget-container\">\n\t\t\t\t\t<h1 class=\"elementor-heading-title elementor-size-default\">Mercado para ag\u00eancias de viagens e operadoras de turismo<\/h1>\t\t\t\t<\/div>\n\t\t\t\t<\/div>\n\t\t\t\t<div class=\"elementor-element elementor-element-6f41af4 elementor-widget__width-initial elementor-widget-laptop__width-initial elementor-widget-widescreen__width-initial elementor-widget elementor-widget-heading\" data-id=\"6f41af4\" data-element_type=\"widget\" data-e-type=\"widget\" data-widget_type=\"heading.default\">\n\t\t\t\t<div class=\"elementor-widget-container\">\n\t\t\t\t\t<h2 class=\"elementor-heading-title elementor-size-default\">Ofere\u00e7a seus servi\u00e7os de turismo sem a necessidade de conhecimento t\u00e9cnico: seus clientes podem criar seu pr\u00f3prio itiner\u00e1rio em minutos, em qualquer idioma e com gateways de pagamento inclu\u00eddos.<\/h2>\t\t\t\t<\/div>\n\t\t\t\t<\/div>\n\t\t\t\t<div class=\"elementor-element elementor-element-7e07481 elementor-widget__width-initial elementor-widget elementor-widget-text-editor\" data-id=\"7e07481\" data-element_type=\"widget\" data-e-type=\"widget\" data-widget_type=\"text-editor.default\">\n\t\t\t\t<div class=\"elementor-widget-container\">\n\t\t\t\t\t\t\t\t\t<p data-start=\"351\" data-end=\"738\">Com o Toursys Marketplace, a tua ag\u00eancia de viagens ou operador tur\u00edstico pode aceder a um cat\u00e1logo centralizado de produtos tur\u00edsticos, ligar-se a m\u00faltiplos fornecedores e vender experi\u00eancias diretamente a partir de uma \u00fanica plataforma. Aumenta a tua oferta sem complica\u00e7\u00f5es, melhora as tuas margens e automatiza a gest\u00e3o de reservas, disponibilidades e pagamentos. <\/p><p data-start=\"740\" data-end=\"840\">Ideal para agencias B2B, OTAs y mayoristas que buscan escalar sus ventas y simplificar su operaci\u00f3n.<\/p>\t\t\t\t\t\t\t\t<\/div>\n\t\t\t\t<\/div>\n\t\t<div class=\"elementor-element elementor-element-3cd97c5 e-con-full e-flex e-con e-child\" data-id=\"3cd97c5\" data-element_type=\"container\" data-e-type=\"container\">\n\t\t\t\t<div class=\"elementor-element elementor-element-e8ca5d5 elementor-widget elementor-widget-button\" data-id=\"e8ca5d5\" data-element_type=\"widget\" data-e-type=\"widget\" data-widget_type=\"button.default\">\n\t\t\t\t<div class=\"elementor-widget-container\">\n\t\t\t\t\t\t\t\t\t<div class=\"elementor-button-wrapper\">\n\t\t\t\t\t<a class=\"elementor-button elementor-button-link elementor-size-sm\" href=\"https:\/\/toursysinternational.toursys.net\/ToursysAdmin\/customers\/trialRegisterLandingPage.xhtml?source=Website&#038;language=es\" rel=\"nofollow\">\n\t\t\t\t\t\t<span class=\"elementor-button-content-wrapper\">\n\t\t\t\t\t\t\t\t\t<span class=\"elementor-button-text\">Comece a testar hoje mesmo<\/span>\n\t\t\t\t\t<\/span>\n\t\t\t\t\t<\/a>\n\t\t\t\t<\/div>\n\t\t\t\t\t\t\t\t<\/div>\n\t\t\t\t<\/div>\n\t\t\t\t<div class=\"elementor-element elementor-element-ee22147 elementor-widget elementor-widget-button\" data-id=\"ee22147\" data-element_type=\"widget\" data-e-type=\"widget\" data-widget_type=\"button.default\">\n\t\t\t\t<div class=\"elementor-widget-container\">\n\t\t\t\t\t\t\t\t\t<div class=\"elementor-button-wrapper\">\n\t\t\t\t\t<a class=\"elementor-button elementor-button-link elementor-size-sm\" href=\"https:\/\/toursysinternational.toursys.net\/ToursysAdmin\/customers\/customerLeadRegisterForm.xhtml?source=Website&#038;language=es\" rel=\"nofollow\">\n\t\t\t\t\t\t<span class=\"elementor-button-content-wrapper\">\n\t\t\t\t\t\t\t\t\t<span class=\"elementor-button-text\">Agende uma demonstra\u00e7\u00e3o<\/span>\n\t\t\t\t\t<\/span>\n\t\t\t\t\t<\/a>\n\t\t\t\t<\/div>\n\t\t\t\t\t\t\t\t<\/div>\n\t\t\t\t<\/div>\n\t\t\t\t<\/div>\n\t\t\t\t\t<\/div>\n\t\t\t\t<\/div>\n\t\t\t\t<\/div>\n\t\t<div class=\"elementor-element elementor-element-b1c7305 e-flex e-con-boxed e-con e-parent\" data-id=\"b1c7305\" data-element_type=\"container\" data-e-type=\"container\">\n\t\t\t\t\t<div class=\"e-con-inner\">\n\t\t<div class=\"elementor-element elementor-element-09af8fe e-con-full e-flex e-con e-child\" data-id=\"09af8fe\" data-element_type=\"container\" data-e-type=\"container\">\n\t\t\t\t<div class=\"elementor-element elementor-element-08ecd36 elementor-widget__width-initial elementor-widget-laptop__width-initial elementor-widget-tablet__width-initial elementor-widget elementor-widget-heading\" data-id=\"08ecd36\" data-element_type=\"widget\" data-e-type=\"widget\" data-widget_type=\"heading.default\">\n\t\t\t\t<div class=\"elementor-widget-container\">\n\t\t\t\t\t<h2 class=\"elementor-heading-title elementor-size-default\">Descubra como o Marketplace funciona em tempo real<\/h2>\t\t\t\t<\/div>\n\t\t\t\t<\/div>\n\t\t\t\t<div class=\"elementor-element elementor-element-cbc3b59 elementor-widget__width-initial elementor-widget-mobile__width-initial elementor-widget elementor-widget-text-editor\" data-id=\"cbc3b59\" data-element_type=\"widget\" data-e-type=\"widget\" data-widget_type=\"text-editor.default\">\n\t\t\t\t<div class=\"elementor-widget-container\">\n\t\t\t\t\t\t\t\t\t<p>A continuaci\u00f3n, te mostramos una demo en vivo del funcionamiento del m\u00f3dulo de Marketplace de Toursys, donde podr\u00e1s ver c\u00f3mo se integran y venden productos tur\u00edsticos de m\u00faltiples proveedores desde una sola plataforma.<\/p>\t\t\t\t\t\t\t\t<\/div>\n\t\t\t\t<\/div>\n\t\t\t\t<\/div>\n\t\t\t\t\t<\/div>\n\t\t\t\t<\/div>\n\t\t<div class=\"elementor-element elementor-element-9d44d81 e-flex e-con-boxed e-con e-parent\" data-id=\"9d44d81\" data-element_type=\"container\" data-e-type=\"container\">\n\t\t\t\t\t<div class=\"e-con-inner\">\n\t\t<div class=\"elementor-element elementor-element-fd3941d e-con-full e-flex e-con e-child\" data-id=\"fd3941d\" data-element_type=\"container\" data-e-type=\"container\">\n\t\t\t\t<div class=\"elementor-element elementor-element-b4c89ef elementor-widget elementor-widget-shortcode\" data-id=\"b4c89ef\" data-element_type=\"widget\" data-e-type=\"widget\" data-widget_type=\"shortcode.default\">\n\t\t\t\t<div class=\"elementor-widget-container\">\n\t\t\t\t\t\t\t<div class=\"elementor-shortcode\"><iframe id=\"iframe_marketplace\" name=\"iframe_marketplace\" src=\"https:\/\/marketplace.stable2.toursys.net\/catalog\/?token=CCbBSdkggerLmdiWfneXqdExG6IhAjFHtsTY5zpC4dWuKkbW9d&amp;lang=es\" width=\"100%\" height=\"1550\" scrolling=\"no\" frameborder=\"0\" allow=\"fullscreen\" allowtransparency=\"true\" loading=\"lazy\"><\/iframe><\/div>\n\t\t\t\t\t\t<\/div>\n\t\t\t\t<\/div>\n\t\t\t\t<\/div>\n\t\t\t\t\t<\/div>\n\t\t\t\t<\/div>\n\t\t\t\t<\/div>\n\t\t","protected":false},"excerpt":{"rendered":"<p>Mercado para ag\u00eancias de viagens e operadoras de turismo Ofere\u00e7a seus servi\u00e7os de turismo sem a necessidade de conhecimento t\u00e9cnico: seus clientes podem criar seu pr\u00f3prio itiner\u00e1rio em minutos, em qualquer idioma e com gateways de pagamento inclu\u00eddos. Com o Toursys Marketplace, a tua ag\u00eancia de viagens ou operador tur\u00edstico pode aceder a um cat\u00e1logo [&hellip;]<\/p>\n","protected":false},"author":1,"featured_media":13251,"parent":0,"menu_order":0,"comment_status":"closed","ping_status":"closed","template":"","meta":{"site-sidebar-layout":"no-sidebar","site-content-layout":"page-builder","ast-site-content-layout":"full-width-container","site-content-style":"default","site-sidebar-style":"default","ast-global-header-display":"","ast-banner-title-visibility":"","ast-main-header-display":"","ast-hfb-above-header-display":"","ast-hfb-below-header-display":"","ast-hfb-mobile-header-display":"","site-post-title":"disabled","ast-breadcrumbs-content":"","ast-featured-img":"disabled","footer-sml-layout":"","ast-disable-related-posts":"","theme-transparent-header-meta":"","adv-header-id-meta":"","stick-header-meta":"","header-above-stick-meta":"","header-main-stick-meta":"","header-below-stick-meta":"","astra-migrate-meta-layouts":"default","ast-page-background-enabled":"default","ast-page-background-meta":{"desktop":{"background-color":"","background-image":"","background-repeat":"repeat","background-position":"center center","background-size":"auto","background-attachment":"scroll","background-type":"","background-media":"","overlay-type":"","overlay-color":"","overlay-opacity":"","overlay-gradient":""},"tablet":{"background-color":"","background-image":"","background-repeat":"repeat","background-position":"center center","background-size":"auto","background-attachment":"scroll","background-type":"","background-media":"","overlay-type":"","overlay-color":"","overlay-opacity":"","overlay-gradient":""},"mobile":{"background-color":"","background-image":"","background-repeat":"repeat","background-position":"center center","background-size":"auto","background-attachment":"scroll","background-type":"","background-media":"","overlay-type":"","overlay-color":"","overlay-opacity":"","overlay-gradient":""}},"ast-content-background-meta":{"desktop":{"background-color":"var(--ast-global-color-5)","background-image":"","background-repeat":"repeat","background-position":"center center","background-size":"auto","background-attachment":"scroll","background-type":"","background-media":"","overlay-type":"","overlay-color":"","overlay-opacity":"","overlay-gradient":""},"tablet":{"background-color":"var(--ast-global-color-5)","background-image":"","background-repeat":"repeat","background-position":"center center","background-size":"auto","background-attachment":"scroll","background-type":"","background-media":"","overlay-type":"","overlay-color":"","overlay-opacity":"","overlay-gradient":""},"mobile":{"background-color":"var(--ast-global-color-5)","background-image":"","background-repeat":"repeat","background-position":"center center","background-size":"auto","background-attachment":"scroll","background-type":"","background-media":"","overlay-type":"","overlay-color":"","overlay-opacity":"","overlay-gradient":""}},"footnotes":""},"class_list":["post-13362","page","type-page","status-publish","has-post-thumbnail","hentry"],"_links":{"self":[{"href":"https:\/\/toursys.net\/pt-br\/wp-json\/wp\/v2\/pages\/13362","targetHints":{"allow":["GET"]}}],"collection":[{"href":"https:\/\/toursys.net\/pt-br\/wp-json\/wp\/v2\/pages"}],"about":[{"href":"https:\/\/toursys.net\/pt-br\/wp-json\/wp\/v2\/types\/page"}],"author":[{"embeddable":true,"href":"https:\/\/toursys.net\/pt-br\/wp-json\/wp\/v2\/users\/1"}],"replies":[{"embeddable":true,"href":"https:\/\/toursys.net\/pt-br\/wp-json\/wp\/v2\/comments?post=13362"}],"version-history":[{"count":0,"href":"https:\/\/toursys.net\/pt-br\/wp-json\/wp\/v2\/pages\/13362\/revisions"}],"wp:featuredmedia":[{"embeddable":true,"href":"https:\/\/toursys.net\/pt-br\/wp-json\/wp\/v2\/media\/13251"}],"wp:attachment":[{"href":"https:\/\/toursys.net\/pt-br\/wp-json\/wp\/v2\/media?parent=13362"}],"curies":[{"name":"wp","href":"https:\/\/api.w.org\/{rel}","templated":true}]}}