{"id":13733,"date":"2024-01-10T20:47:08","date_gmt":"2024-01-10T19:47:08","guid":{"rendered":"https:\/\/toursys.net\/terminos-condiciones\/"},"modified":"2025-10-24T19:59:40","modified_gmt":"2025-10-24T17:59:40","slug":"conditions-generales","status":"publish","type":"page","link":"https:\/\/toursys.net\/fr\/conditions-generales\/","title":{"rendered":"Conditions g\u00e9n\u00e9rales d&rsquo;utilisation"},"content":{"rendered":"\t\t<div data-elementor-type=\"wp-page\" data-elementor-id=\"13733\" class=\"elementor elementor-13733 elementor-1631\" data-elementor-post-type=\"page\">\n\t\t\t\t<div class=\"elementor-element elementor-element-671be8f e-flex e-con-boxed e-con e-parent\" data-id=\"671be8f\" data-element_type=\"container\" data-e-type=\"container\">\n\t\t\t\t\t<div class=\"e-con-inner\">\n\t\t<div class=\"elementor-element elementor-element-03672bd e-flex e-con-boxed e-con e-child\" data-id=\"03672bd\" data-element_type=\"container\" data-e-type=\"container\">\n\t\t\t\t\t<div class=\"e-con-inner\">\n\t\t\t\t<div class=\"elementor-element elementor-element-502ba35 elementor-widget elementor-widget-text-editor\" data-id=\"502ba35\" data-element_type=\"widget\" data-e-type=\"widget\" data-widget_type=\"text-editor.default\">\n\t\t\t\t<div class=\"elementor-widget-container\">\n\t\t\t\t\t\t\t\t\t<h2><strong>Bienvenue \u00e0 Toursys !<\/strong><\/h2><p>Les pr\u00e9sentes conditions g\u00e9n\u00e9rales d\u00e9crivent les r\u00e8gles d&rsquo;utilisation du logiciel Toursys Cloud, situ\u00e9 \u00e0 l&rsquo;adresse www.toursys.net.<\/p><p>En acc\u00e9dant \u00e0 ce site, nous supposons que vous acceptez ces conditions. Ne continuez pas \u00e0 utiliser Toursys si vous n&rsquo;acceptez pas de vous conformer \u00e0 toutes les conditions \u00e9nonc\u00e9es sur cette page. <\/p><p>La terminologie suivante s&rsquo;applique aux pr\u00e9sentes conditions g\u00e9n\u00e9rales, \u00e0 la d\u00e9claration de confidentialit\u00e9, \u00e0 l&rsquo;avis de non-responsabilit\u00e9 et \u00e0 tous les accords : Les termes \u00ab\u00a0Client\u00a0\u00bb, \u00ab\u00a0Vous\u00a0\u00bb et \u00ab\u00a0Votre\u00a0\u00bb font r\u00e9f\u00e9rence \u00e0 vous, la personne qui se connecte \u00e0 ce site web et qui se conforme aux conditions g\u00e9n\u00e9rales de l&rsquo;Entreprise. La Soci\u00e9t\u00e9\u00a0\u00bb, \u00ab\u00a0Nous\u00a0\u00bb, \u00ab\u00a0Notre\u00a0\u00bb, \u00ab\u00a0Nous\u00a0\u00bb, \u00ab\u00a0Notre\u00a0\u00bb et \u00ab\u00a0Nos\u00a0\u00bb, se r\u00e9f\u00e8re \u00e0 notre Soci\u00e9t\u00e9. Les termes \u00ab\u00a0Partie\u00a0\u00bb, \u00ab\u00a0Parties\u00a0\u00bb ou \u00ab\u00a0Nous\u00a0\u00bb d\u00e9signent \u00e0 la fois le client et nous-m\u00eames.  <br><br>Tous les termes se r\u00e9f\u00e8rent \u00e0 l&rsquo;offre, \u00e0 l&rsquo;acceptation et \u00e0 la prise en compte du paiement n\u00e9cessaire pour mener \u00e0 bien le processus de notre assistance au client de la mani\u00e8re la plus appropri\u00e9e dans le but expr\u00e8s de r\u00e9pondre aux besoins du client en ce qui concerne la fourniture des services indiqu\u00e9s par la Soci\u00e9t\u00e9.<br><br>Toute utilisation de la terminologie ci-dessus ou d&rsquo;autres mots au singulier, au pluriel, en majuscules et\/ou il\/elle ou ils\/elles, est consid\u00e9r\u00e9e comme interchangeable et se r\u00e9f\u00e8re donc \u00e0 la m\u00eame chose.<\/p>\t\t\t\t\t\t\t\t<\/div>\n\t\t\t\t<\/div>\n\t\t\t\t\t<\/div>\n\t\t\t\t<\/div>\n\t\t\t\t\t<\/div>\n\t\t\t\t<\/div>\n\t\t<div class=\"elementor-element elementor-element-636e7c4 e-flex e-con-boxed e-con e-parent\" data-id=\"636e7c4\" data-element_type=\"container\" data-e-type=\"container\">\n\t\t\t\t\t<div class=\"e-con-inner\">\n\t\t<div class=\"elementor-element elementor-element-436d819 e-flex e-con-boxed e-con e-child\" data-id=\"436d819\" data-element_type=\"container\" data-e-type=\"container\">\n\t\t\t\t\t<div class=\"e-con-inner\">\n\t\t\t\t<div class=\"elementor-element elementor-element-ec93919 elementor-widget elementor-widget-text-editor\" data-id=\"ec93919\" data-element_type=\"widget\" data-e-type=\"widget\" data-widget_type=\"text-editor.default\">\n\t\t\t\t<div class=\"elementor-widget-container\">\n\t\t\t\t\t\t\t\t\t<h2><strong>Cookies<\/strong><\/h2><p>Nous utilisons des cookies. En acc\u00e9dant \u00e0 TourSys, vous acceptez d&rsquo;utiliser des cookies conform\u00e9ment \u00e0 notre politique de confidentialit\u00e9. <br><br><\/p><p>La plupart des sites web interactifs utilisent des cookies pour nous permettre de r\u00e9cup\u00e9rer les d\u00e9tails de l&rsquo;utilisateur \u00e0 chaque visite. Notre site web utilise des cookies pour permettre la fonctionnalit\u00e9 de certaines zones et pour faciliter la visite de notre site web. Certains de nos partenaires affili\u00e9s ou publicitaires peuvent \u00e9galement utiliser des cookies.  <\/p>\t\t\t\t\t\t\t\t<\/div>\n\t\t\t\t<\/div>\n\t\t\t\t\t<\/div>\n\t\t\t\t<\/div>\n\t\t\t\t\t<\/div>\n\t\t\t\t<\/div>\n\t\t<div class=\"elementor-element elementor-element-12e25d0 e-flex e-con-boxed e-con e-parent\" data-id=\"12e25d0\" data-element_type=\"container\" data-e-type=\"container\">\n\t\t\t\t\t<div class=\"e-con-inner\">\n\t\t<div class=\"elementor-element elementor-element-72a7c47 e-flex e-con-boxed e-con e-child\" data-id=\"72a7c47\" data-element_type=\"container\" data-e-type=\"container\">\n\t\t\t\t\t<div class=\"e-con-inner\">\n\t\t\t\t<div class=\"elementor-element elementor-element-a85c599 elementor-widget elementor-widget-text-editor\" data-id=\"a85c599\" data-element_type=\"widget\" data-e-type=\"widget\" data-widget_type=\"text-editor.default\">\n\t\t\t\t<div class=\"elementor-widget-container\">\n\t\t\t\t\t\t\t\t\t<h2><strong>Licence<\/strong><\/h2><p>Sauf indication contraire, TravelSoft Inc. ou Toursys International Corporation ou TravelSoft Inc. et\/ou ses conc\u00e9dants de licence d\u00e9tiennent les droits de propri\u00e9t\u00e9 intellectuelle pour tout le mat\u00e9riel contenu dans TourSys. Tous les droits de propri\u00e9t\u00e9 intellectuelle sont r\u00e9serv\u00e9s. Vous pouvez y acc\u00e9der \u00e0 partir du logiciel TourSys pour votre usage personnel, sous r\u00e9serve des restrictions \u00e9nonc\u00e9es dans les conditions g\u00e9n\u00e9rales suivantes.    <\/p><ul><li>Republier le mat\u00e9riel de TourSys<\/li><li>Vente, location ou sous-licence de l&rsquo;\u00e9quipement TourSys<\/li><li>Reproduire, dupliquer ou copier le mat\u00e9riel de TourSys<\/li><li>Redistribuer le contenu de TourSys<\/li><\/ul><p>Certaines parties de ce site web permettent aux utilisateurs de publier et d&rsquo;\u00e9changer des opinions et des informations dans certaines zones du site. Notre soci\u00e9t\u00e9 ne filtre pas, n&rsquo;\u00e9dite pas, ne publie pas et ne r\u00e9vise pas les commentaires avant leur publication sur le site web. Les commentaires ne refl\u00e8tent pas les points de vue et les opinions de notre soci\u00e9t\u00e9, de ses agents et\/ou de ses filiales. Les commentaires refl\u00e8tent les points de vue et les opinions de la personne qui les publie. Dans la mesure o\u00f9 les lois applicables le permettent, notre soci\u00e9t\u00e9 ne peut \u00eatre tenue responsable des commentaires ou de toute responsabilit\u00e9, dommage ou d\u00e9pense caus\u00e9s et\/ou subis \u00e0 la suite de l&rsquo;utilisation et\/ou de la publication et\/ou de l&rsquo;apparition des commentaires sur ce site web.    <\/p><p>Notre soci\u00e9t\u00e9 se r\u00e9serve le droit de contr\u00f4ler tous les commentaires et de supprimer ceux qui peuvent \u00eatre jug\u00e9s inappropri\u00e9s, offensants ou en violation des pr\u00e9sentes conditions g\u00e9n\u00e9rales.<\/p>\t\t\t\t\t\t\t\t<\/div>\n\t\t\t\t<\/div>\n\t\t\t\t\t<\/div>\n\t\t\t\t<\/div>\n\t\t\t\t\t<\/div>\n\t\t\t\t<\/div>\n\t\t<div class=\"elementor-element elementor-element-ea211be e-flex e-con-boxed e-con e-parent\" data-id=\"ea211be\" data-element_type=\"container\" data-e-type=\"container\">\n\t\t\t\t\t<div class=\"e-con-inner\">\n\t\t<div class=\"elementor-element elementor-element-e32b228 e-flex e-con-boxed e-con e-child\" data-id=\"e32b228\" data-element_type=\"container\" data-e-type=\"container\">\n\t\t\t\t\t<div class=\"e-con-inner\">\n\t\t\t\t<div class=\"elementor-element elementor-element-ce68f38 elementor-widget elementor-widget-text-editor\" data-id=\"ce68f38\" data-element_type=\"widget\" data-e-type=\"widget\" data-widget_type=\"text-editor.default\">\n\t\t\t\t<div class=\"elementor-widget-container\">\n\t\t\t\t\t\t\t\t\t<h2><strong>Vous garantissez et d\u00e9clarez que<\/strong><\/h2><ul><li>Vous avez le droit de publier des commentaires sur notre site web et vous disposez de toutes les licences et autorisations n\u00e9cessaires pour le faire ;<\/li><li>Les commentaires n&#8217;empi\u00e8tent pas sur les droits de propri\u00e9t\u00e9 intellectuelle, y compris, mais sans s&rsquo;y limiter, les droits d&rsquo;auteur, les brevets ou les marques commerciales de tiers ;<\/li><li>Les commentaires ne contiennent pas d&rsquo;\u00e9l\u00e9ments diffamatoires, offensants, ind\u00e9cents ou ill\u00e9gaux portant atteinte \u00e0 la vie priv\u00e9e.<\/li><li>Les commentaires ne doivent pas \u00eatre utilis\u00e9s pour solliciter ou promouvoir des activit\u00e9s commerciales ou des activit\u00e9s commerciales ill\u00e9gales ou actuelles.<\/li><li>Par la pr\u00e9sente, vous accordez \u00e0 notre soci\u00e9t\u00e9 une licence non exclusive pour utiliser, reproduire, \u00e9diter et autoriser d&rsquo;autres personnes \u00e0 utiliser, reproduire et \u00e9diter vos commentaires sous toutes les formes, tous les formats et tous les m\u00e9dias.<\/li><\/ul>\t\t\t\t\t\t\t\t<\/div>\n\t\t\t\t<\/div>\n\t\t\t\t\t<\/div>\n\t\t\t\t<\/div>\n\t\t\t\t\t<\/div>\n\t\t\t\t<\/div>\n\t\t<div class=\"elementor-element elementor-element-5dab70c e-flex e-con-boxed e-con e-parent\" data-id=\"5dab70c\" data-element_type=\"container\" data-e-type=\"container\">\n\t\t\t\t\t<div class=\"e-con-inner\">\n\t\t<div class=\"elementor-element elementor-element-5873c3a e-flex e-con-boxed e-con e-child\" data-id=\"5873c3a\" data-element_type=\"container\" data-e-type=\"container\">\n\t\t\t\t\t<div class=\"e-con-inner\">\n\t\t\t\t<div class=\"elementor-element elementor-element-c504678 elementor-widget elementor-widget-text-editor\" data-id=\"c504678\" data-element_type=\"widget\" data-e-type=\"widget\" data-widget_type=\"text-editor.default\">\n\t\t\t\t<div class=\"elementor-widget-container\">\n\t\t\t\t\t\t\t\t\t<h2><strong>Hyperliens vers notre contenu<\/strong><\/h2><p><strong><br><\/strong>Les organisations suivantes peuvent \u00e9tablir un lien avec notre site web sans autorisation \u00e9crite pr\u00e9alable :<\/p><ul><li>Agences gouvernementales<\/li><li>Moteurs de recherche<\/li><li>Organismes de presse<\/li><li>Les distributeurs d&rsquo;annuaires en ligne peuvent \u00e9tablir des liens avec notre site web de la m\u00eame mani\u00e8re qu&rsquo;ils \u00e9tablissent des hyperliens avec les sites web d&rsquo;autres soci\u00e9t\u00e9s cot\u00e9es en bourse.<\/li><li>Les entreprises accr\u00e9dit\u00e9es dans l&rsquo;ensemble du syst\u00e8me, \u00e0 l&rsquo;exception des organisations \u00e0 but non lucratif, des centres commerciaux caritatifs et des groupes de collecte de fonds caritatifs qui ne peuvent pas cr\u00e9er d&rsquo;hyperliens vers notre site web.<p>Ces organisations peuvent \u00e9tablir un lien avec notre page d&rsquo;accueil, nos publications ou d&rsquo;autres informations sur le site web, \u00e0 condition que le lien : (a) ne soit en aucun cas trompeur ; (b) n&rsquo;implique pas faussement le parrainage, l&rsquo;approbation ou le soutien de la partie qui \u00e9tablit le lien et de ses produits et\/ou services ; et (c) s&rsquo;inscrive dans le contexte du site de la partie qui \u00e9tablit le lien.   <\/p><\/li><\/ul><p>Nous pouvons examiner et approuver d&rsquo;autres demandes de liaison \u00e9manant des types d&rsquo;organisations suivants :<\/p><ul><li>Sources d&rsquo;information connues des consommateurs et\/ou des entreprises<\/li><li>Sites communautaires dot.com<\/li><li>Distributeurs d&rsquo;annuaires en ligne<\/li><li>Portails Internet<\/li><li>Cabinets de comptabilit\u00e9, de tourisme, d&rsquo;avocats et de consultants<\/li><li>\u00c9tablissements d&rsquo;enseignement et associations professionnelles.<\/li><\/ul><p>Ces organisations peuvent \u00e9tablir un lien avec notre page d&rsquo;accueil, \u00e0 condition que ce lien (a) ne soit en aucun cas trompeur ; (b) n&rsquo;implique pas faussement le parrainage, l&rsquo;approbation ou le soutien de la partie qui \u00e9tablit le lien et de ses produits ou services ; et (c) s&rsquo;inscrive dans le contexte du site de la partie qui \u00e9tablit le lien.   <\/p><p>Si vous \u00eates l&rsquo;une des organisations \u00e9num\u00e9r\u00e9es dans le paragraphe ci-dessus et que vous souhaitez cr\u00e9er un lien vers notre site web, vous devez nous en informer en envoyant un courrier \u00e9lectronique \u00e0 notre soci\u00e9t\u00e9, en indiquant votre nom, le nom de votre organisation, vos coordonn\u00e9es, ainsi que l&rsquo;URL de votre site, une liste de tous les URL \u00e0 partir desquels vous souhaitez cr\u00e9er un lien vers notre site web et une liste des URL de notre site vers lesquels vous souhaitez cr\u00e9er un lien. Veuillez pr\u00e9voir un d\u00e9lai de 2 \u00e0 3 semaines pour une r\u00e9ponse. <\/p><p>Les organisations agr\u00e9\u00e9es peuvent \u00e9tablir un lien hypertexte vers notre site web de la mani\u00e8re suivante :<\/p><ul><li>Par l&rsquo;utilisation de notre raison sociale.<\/li><li>Par l&rsquo;utilisation du localisateur de ressources uniformes auquel il est li\u00e9.<\/li><li>L&rsquo;utilisation de toute autre description de notre site web vers lequel vous \u00e9tablissez un lien est logique dans le contexte et le format du contenu du site de la partie contraignante.<\/li><li>L&rsquo;utilisation du logo de TravelSoft Inc. ou Toursys International Corporation, TravelSoft Inc. ou Toursys ou d&rsquo;autres illustrations n&rsquo;est pas autoris\u00e9e pour l&rsquo;\u00e9tablissement de liens en l&rsquo;absence d&rsquo;un accord de licence de marque.  <\/li><li>Sans accord pr\u00e9alable et autorisation \u00e9crite, vous ne pouvez pas cr\u00e9er de cadres autour de nos pages web qui modifient de quelque mani\u00e8re que ce soit la pr\u00e9sentation visuelle ou l&rsquo;apparence de notre site web.<\/li><\/ul><p>Nous ne serons pas responsables du contenu de votre site web. Vous acceptez de nous prot\u00e9ger et de nous d\u00e9fendre contre toute r\u00e9clamation soulev\u00e9e sur votre site web. Aucun lien ne doit appara\u00eetre sur un site web qui pourrait \u00eatre interpr\u00e9t\u00e9 comme diffamatoire, obsc\u00e8ne ou criminel, ou qui enfreint, viole ou pr\u00e9conise l&rsquo;enfreinte ou toute autre violation des droits d&rsquo;un tiers.  <\/p><p>Nous nous r\u00e9servons le droit de vous demander de supprimer tous les liens ou un lien particulier vers notre site web. Vous acceptez de supprimer imm\u00e9diatement tous les liens vers notre site web sur demande. Nous nous r\u00e9servons \u00e9galement le droit de modifier \u00e0 tout moment les pr\u00e9sentes conditions g\u00e9n\u00e9rales et votre politique en mati\u00e8re de liens. En continuant \u00e0 \u00e9tablir des liens vers notre site web, vous acceptez d&rsquo;\u00eatre li\u00e9 par les pr\u00e9sentes conditions g\u00e9n\u00e9rales d&rsquo;utilisation et de les respecter.   <\/p>\t\t\t\t\t\t\t\t<\/div>\n\t\t\t\t<\/div>\n\t\t\t\t\t<\/div>\n\t\t\t\t<\/div>\n\t\t\t\t\t<\/div>\n\t\t\t\t<\/div>\n\t\t<div class=\"elementor-element elementor-element-7a37a77 e-flex e-con-boxed e-con e-parent\" data-id=\"7a37a77\" data-element_type=\"container\" data-e-type=\"container\">\n\t\t\t\t\t<div class=\"e-con-inner\">\n\t\t<div class=\"elementor-element elementor-element-4b83406 e-flex e-con-boxed e-con e-child\" data-id=\"4b83406\" data-element_type=\"container\" data-e-type=\"container\">\n\t\t\t\t\t<div class=\"e-con-inner\">\n\t\t\t\t<div class=\"elementor-element elementor-element-5c719ad elementor-widget elementor-widget-text-editor\" data-id=\"5c719ad\" data-element_type=\"widget\" data-e-type=\"widget\" data-widget_type=\"text-editor.default\">\n\t\t\t\t<div class=\"elementor-widget-container\">\n\t\t\t\t\t\t\t\t\t<h2><strong>Suppression de liens sur notre site web<\/strong><\/h2><p><strong><br><\/strong>Si vous estimez qu&rsquo;un lien sur notre site web est offensant pour quelque raison que ce soit, vous pouvez nous contacter et nous en informer \u00e0 tout moment. Nous examinerons les demandes de suppression de liens, mais nous ne sommes pas oblig\u00e9s de vous r\u00e9pondre directement. <\/p><p>Nous ne pr\u00e9tendons pas que les informations contenues dans ce site web sont correctes, ni ne garantissons leur exhaustivit\u00e9 ou leur exactitude ; nous ne nous engageons pas non plus \u00e0 garantir que le site web restera disponible ou que le mat\u00e9riel qu&rsquo;il contient sera tenu \u00e0 jour.<\/p>\t\t\t\t\t\t\t\t<\/div>\n\t\t\t\t<\/div>\n\t\t\t\t\t<\/div>\n\t\t\t\t<\/div>\n\t\t\t\t\t<\/div>\n\t\t\t\t<\/div>\n\t\t<div class=\"elementor-element elementor-element-223b9b5 e-flex e-con-boxed e-con e-parent\" data-id=\"223b9b5\" data-element_type=\"container\" data-e-type=\"container\">\n\t\t\t\t\t<div class=\"e-con-inner\">\n\t\t<div class=\"elementor-element elementor-element-a20584a e-flex e-con-boxed e-con e-child\" data-id=\"a20584a\" data-element_type=\"container\" data-e-type=\"container\">\n\t\t\t\t\t<div class=\"e-con-inner\">\n\t\t\t\t<div class=\"elementor-element elementor-element-f3db7ce elementor-widget elementor-widget-text-editor\" data-id=\"f3db7ce\" data-element_type=\"widget\" data-e-type=\"widget\" data-widget_type=\"text-editor.default\">\n\t\t\t\t<div class=\"elementor-widget-container\">\n\t\t\t\t\t\t\t\t\t<h2><strong>Clause de non-responsabilit\u00e9<\/strong><\/h2><p><strong><br><\/strong>Dans toute la mesure permise par la loi applicable, nous excluons toutes les repr\u00e9sentations, garanties et conditions relatives \u00e0 notre site web et \u00e0 l&rsquo;utilisation que vous en faites.  <\/p><p>Les limitations et interdictions de responsabilit\u00e9 \u00e9nonc\u00e9es dans cette section et ailleurs dans la pr\u00e9sente clause de non-responsabilit\u00e9 : (a) sont soumises au paragraphe pr\u00e9c\u00e9dent ; et (b) r\u00e9gissent toutes les responsabilit\u00e9s d\u00e9coulant de la clause de non-responsabilit\u00e9, y compris les obligations d\u00e9coulant d&rsquo;un contrat, d&rsquo;un d\u00e9lit et d&rsquo;un manquement \u00e0 une obligation l\u00e9gale.  <\/p><p>Tant que le site web et les informations et services qu&rsquo;il contient sont fournis gratuitement, nous ne sommes pas responsables des pertes ou dommages de quelque nature que ce soit.<\/p>\t\t\t\t\t\t\t\t<\/div>\n\t\t\t\t<\/div>\n\t\t\t\t\t<\/div>\n\t\t\t\t<\/div>\n\t\t\t\t\t<\/div>\n\t\t\t\t<\/div>\n\t\t<div class=\"elementor-element elementor-element-936af33 e-flex e-con-boxed e-con e-parent\" data-id=\"936af33\" data-element_type=\"container\" data-e-type=\"container\">\n\t\t\t\t\t<div class=\"e-con-inner\">\n\t\t\t\t<div class=\"elementor-element elementor-element-8cb8333 elementor-widget__width-auto elementor-fixed elementor-widget elementor-widget-button\" data-id=\"8cb8333\" data-element_type=\"widget\" data-e-type=\"widget\" data-settings=\"{&quot;_position&quot;:&quot;fixed&quot;}\" data-widget_type=\"button.default\">\n\t\t\t\t<div class=\"elementor-widget-container\">\n\t\t\t\t\t\t\t\t\t<div class=\"elementor-button-wrapper\">\n\t\t\t\t\t<a class=\"elementor-button elementor-button-link elementor-size-sm\" href=\"https:\/\/api.whatsapp.com\/send?phone=+50684001001&#038;text=Quiero%20m%C3%A1s%20informaci%C3%B3n\" target=\"_blank\" rel=\"nofollow noopener\">\n\t\t\t\t\t\t<span class=\"elementor-button-content-wrapper\">\n\t\t\t\t\t\t<span class=\"elementor-button-icon\">\n\t\t\t\t<svg aria-hidden=\"true\" class=\"e-font-icon-svg e-fab-whatsapp\" viewBox=\"0 0 448 512\" xmlns=\"http:\/\/www.w3.org\/2000\/svg\"><path d=\"M380.9 97.1C339 55.1 283.2 32 223.9 32c-122.4 0-222 99.6-222 222 0 39.1 10.2 77.3 29.6 111L0 480l117.7-30.9c32.4 17.7 68.9 27 106.1 27h.1c122.3 0 224.1-99.6 224.1-222 0-59.3-25.2-115-67.1-157zm-157 341.6c-33.2 0-65.7-8.9-94-25.7l-6.7-4-69.8 18.3L72 359.2l-4.4-7c-18.5-29.4-28.2-63.3-28.2-98.2 0-101.7 82.8-184.5 184.6-184.5 49.3 0 95.6 19.2 130.4 54.1 34.8 34.9 56.2 81.2 56.1 130.5 0 101.8-84.9 184.6-186.6 184.6zm101.2-138.2c-5.5-2.8-32.8-16.2-37.9-18-5.1-1.9-8.8-2.8-12.5 2.8-3.7 5.6-14.3 18-17.6 21.8-3.2 3.7-6.5 4.2-12 1.4-32.6-16.3-54-29.1-75.5-66-5.7-9.8 5.7-9.1 16.3-30.3 1.8-3.7.9-6.9-.5-9.7-1.4-2.8-12.5-30.1-17.1-41.2-4.5-10.8-9.1-9.3-12.5-9.5-3.2-.2-6.9-.2-10.6-.2-3.7 0-9.7 1.4-14.8 6.9-5.1 5.6-19.4 19-19.4 46.3 0 27.3 19.9 53.7 22.6 57.4 2.8 3.7 39.1 59.7 94.8 83.8 35.2 15.2 49 16.5 66.6 13.9 10.7-1.6 32.8-13.4 37.4-26.4 4.6-13 4.6-24.1 3.2-26.4-1.3-2.5-5-3.9-10.5-6.6z\"><\/path><\/svg>\t\t\t<\/span>\n\t\t\t\t\t\t\t\t<\/span>\n\t\t\t\t\t<\/a>\n\t\t\t\t<\/div>\n\t\t\t\t\t\t\t\t<\/div>\n\t\t\t\t<\/div>\n\t\t\t\t\t<\/div>\n\t\t\t\t<\/div>\n\t\t\t\t<\/div>\n\t\t","protected":false},"excerpt":{"rendered":"<p>Bienvenue \u00e0 Toursys ! Les pr\u00e9sentes conditions g\u00e9n\u00e9rales d\u00e9crivent les r\u00e8gles d&rsquo;utilisation du logiciel Toursys Cloud, situ\u00e9 \u00e0 l&rsquo;adresse www.toursys.net. En acc\u00e9dant \u00e0 ce site, nous supposons que vous acceptez ces conditions. Ne continuez pas \u00e0 utiliser Toursys si vous n&rsquo;acceptez pas de vous conformer \u00e0 toutes les conditions \u00e9nonc\u00e9es sur cette page. La terminologie [&hellip;]<\/p>\n","protected":false},"author":1,"featured_media":0,"parent":0,"menu_order":0,"comment_status":"closed","ping_status":"closed","template":"","meta":{"site-sidebar-layout":"no-sidebar","site-content-layout":"page-builder","ast-site-content-layout":"full-width-container","site-content-style":"default","site-sidebar-style":"default","ast-global-header-display":"","ast-banner-title-visibility":"","ast-main-header-display":"","ast-hfb-above-header-display":"","ast-hfb-below-header-display":"","ast-hfb-mobile-header-display":"","site-post-title":"disabled","ast-breadcrumbs-content":"","ast-featured-img":"disabled","footer-sml-layout":"","ast-disable-related-posts":"","theme-transparent-header-meta":"","adv-header-id-meta":"","stick-header-meta":"","header-above-stick-meta":"","header-main-stick-meta":"","header-below-stick-meta":"","astra-migrate-meta-layouts":"default","ast-page-background-enabled":"default","ast-page-background-meta":{"desktop":{"background-color":"","background-image":"","background-repeat":"repeat","background-position":"center center","background-size":"auto","background-attachment":"scroll","background-type":"","background-media":"","overlay-type":"","overlay-color":"","overlay-opacity":"","overlay-gradient":""},"tablet":{"background-color":"","background-image":"","background-repeat":"repeat","background-position":"center center","background-size":"auto","background-attachment":"scroll","background-type":"","background-media":"","overlay-type":"","overlay-color":"","overlay-opacity":"","overlay-gradient":""},"mobile":{"background-color":"","background-image":"","background-repeat":"repeat","background-position":"center center","background-size":"auto","background-attachment":"scroll","background-type":"","background-media":"","overlay-type":"","overlay-color":"","overlay-opacity":"","overlay-gradient":""}},"ast-content-background-meta":{"desktop":{"background-color":"var(--ast-global-color-5)","background-image":"","background-repeat":"repeat","background-position":"center center","background-size":"auto","background-attachment":"scroll","background-type":"","background-media":"","overlay-type":"","overlay-color":"","overlay-opacity":"","overlay-gradient":""},"tablet":{"background-color":"var(--ast-global-color-5)","background-image":"","background-repeat":"repeat","background-position":"center center","background-size":"auto","background-attachment":"scroll","background-type":"","background-media":"","overlay-type":"","overlay-color":"","overlay-opacity":"","overlay-gradient":""},"mobile":{"background-color":"var(--ast-global-color-5)","background-image":"","background-repeat":"repeat","background-position":"center center","background-size":"auto","background-attachment":"scroll","background-type":"","background-media":"","overlay-type":"","overlay-color":"","overlay-opacity":"","overlay-gradient":""}},"footnotes":""},"class_list":["post-13733","page","type-page","status-publish","hentry"],"_links":{"self":[{"href":"https:\/\/toursys.net\/fr\/wp-json\/wp\/v2\/pages\/13733","targetHints":{"allow":["GET"]}}],"collection":[{"href":"https:\/\/toursys.net\/fr\/wp-json\/wp\/v2\/pages"}],"about":[{"href":"https:\/\/toursys.net\/fr\/wp-json\/wp\/v2\/types\/page"}],"author":[{"embeddable":true,"href":"https:\/\/toursys.net\/fr\/wp-json\/wp\/v2\/users\/1"}],"replies":[{"embeddable":true,"href":"https:\/\/toursys.net\/fr\/wp-json\/wp\/v2\/comments?post=13733"}],"version-history":[{"count":0,"href":"https:\/\/toursys.net\/fr\/wp-json\/wp\/v2\/pages\/13733\/revisions"}],"wp:attachment":[{"href":"https:\/\/toursys.net\/fr\/wp-json\/wp\/v2\/media?parent=13733"}],"curies":[{"name":"wp","href":"https:\/\/api.w.org\/{rel}","templated":true}]}}