{"id":13609,"date":"2025-07-16T21:31:32","date_gmt":"2025-07-16T19:31:32","guid":{"rendered":"https:\/\/toursys.net\/gracias-por-agendar-una-prueba-gratis\/"},"modified":"2025-10-09T17:23:32","modified_gmt":"2025-10-09T15:23:32","slug":"merci-de-programmer-un-essai-gratuit","status":"publish","type":"page","link":"https:\/\/toursys.net\/fr\/merci-de-programmer-un-essai-gratuit\/","title":{"rendered":"Merci de programmer un essai gratuit"},"content":{"rendered":"\t\t<div data-elementor-type=\"wp-page\" data-elementor-id=\"13609\" class=\"elementor elementor-13609 elementor-11479\" data-elementor-post-type=\"page\">\n\t\t\t\t<div class=\"elementor-element elementor-element-61afef0 e-flex e-con-boxed e-con e-parent\" data-id=\"61afef0\" data-element_type=\"container\" data-e-type=\"container\" data-settings=\"{&quot;background_background&quot;:&quot;gradient&quot;}\">\n\t\t\t\t\t<div class=\"e-con-inner\">\n\t\t<div class=\"elementor-element elementor-element-861a994 e-con-full e-flex e-con e-child\" data-id=\"861a994\" data-element_type=\"container\" data-e-type=\"container\">\n\t\t\t\t<div class=\"elementor-element elementor-element-9612f2e elementor-widget__width-initial elementor-widget-laptop__width-initial elementor-widget elementor-widget-heading\" data-id=\"9612f2e\" data-element_type=\"widget\" data-e-type=\"widget\" data-widget_type=\"heading.default\">\n\t\t\t\t<div class=\"elementor-widget-container\">\n\t\t\t\t\t<h1 class=\"elementor-heading-title elementor-size-default\">Merci d'avoir demand\u00e9 l'essai gratuit !\n\n<\/h1>\t\t\t\t<\/div>\n\t\t\t\t<\/div>\n\t\t\t\t<div class=\"elementor-element elementor-element-f1cbb3c elementor-widget-laptop__width-initial elementor-widget__width-initial elementor-widget elementor-widget-text-editor\" data-id=\"f1cbb3c\" data-element_type=\"widget\" data-e-type=\"widget\" data-widget_type=\"text-editor.default\">\n\t\t\t\t<div class=\"elementor-widget-container\">\n\t\t\t\t\t\t\t\t\t<p>Nous avons re\u00e7u vos informations pour activer votre essai gratuit. Vous recevrez sous peu un courriel contenant votre nom d&rsquo;utilisateur et votre mot de passe afin de pouvoir acc\u00e9der au syst\u00e8me. Notre \u00e9quipe est pr\u00eate \u00e0 vous aider.  <\/p>\t\t\t\t\t\t\t\t<\/div>\n\t\t\t\t<\/div>\n\t\t\t\t<div class=\"elementor-element elementor-element-a83d1f9 elementor-widget elementor-widget-image\" data-id=\"a83d1f9\" data-element_type=\"widget\" data-e-type=\"widget\" data-widget_type=\"image.default\">\n\t\t\t\t<div class=\"elementor-widget-container\">\n\t\t\t\t\t\t\t\t\t\t\t\t\t\t\t<img fetchpriority=\"high\" decoding=\"async\" width=\"1024\" height=\"576\" src=\"https:\/\/toursys.net\/wp-content\/uploads\/2025\/07\/agendar-demo-1024x576.webp\" class=\"attachment-large size-large wp-image-13610\" alt=\"Planifiez une d\u00e9monstration du syst\u00e8me de r\u00e9servation pour les agences de voyage.\" srcset=\"https:\/\/toursys.net\/wp-content\/uploads\/2025\/07\/agendar-demo-1024x576.webp 1024w, https:\/\/toursys.net\/wp-content\/uploads\/2025\/07\/agendar-demo-300x169.webp 300w, https:\/\/toursys.net\/wp-content\/uploads\/2025\/07\/agendar-demo-768x432.webp 768w, https:\/\/toursys.net\/wp-content\/uploads\/2025\/07\/agendar-demo.webp 1280w\" sizes=\"(max-width: 1024px) 100vw, 1024px\" \/>\t\t\t\t\t\t\t\t\t\t\t\t\t\t\t<\/div>\n\t\t\t\t<\/div>\n\t\t\t\t<\/div>\n\t\t\t\t\t<\/div>\n\t\t\t\t<\/div>\n\t\t\t\t<\/div>\n\t\t","protected":false},"excerpt":{"rendered":"<p>Merci d&rsquo;avoir demand\u00e9 l&rsquo;essai gratuit ! Nous avons re\u00e7u vos informations pour activer votre essai gratuit. Vous recevrez sous peu un courriel contenant votre nom d&rsquo;utilisateur et votre mot de passe afin de pouvoir acc\u00e9der au syst\u00e8me. Notre \u00e9quipe est pr\u00eate \u00e0 vous aider.<\/p>\n","protected":false},"author":1,"featured_media":0,"parent":0,"menu_order":0,"comment_status":"closed","ping_status":"closed","template":"","meta":{"site-sidebar-layout":"no-sidebar","site-content-layout":"page-builder","ast-site-content-layout":"full-width-container","site-content-style":"default","site-sidebar-style":"default","ast-global-header-display":"","ast-banner-title-visibility":"","ast-main-header-display":"","ast-hfb-above-header-display":"","ast-hfb-below-header-display":"","ast-hfb-mobile-header-display":"","site-post-title":"disabled","ast-breadcrumbs-content":"","ast-featured-img":"disabled","footer-sml-layout":"","ast-disable-related-posts":"","theme-transparent-header-meta":"","adv-header-id-meta":"","stick-header-meta":"","header-above-stick-meta":"","header-main-stick-meta":"","header-below-stick-meta":"","astra-migrate-meta-layouts":"default","ast-page-background-enabled":"default","ast-page-background-meta":{"desktop":{"background-color":"","background-image":"","background-repeat":"repeat","background-position":"center center","background-size":"auto","background-attachment":"scroll","background-type":"","background-media":"","overlay-type":"","overlay-color":"","overlay-opacity":"","overlay-gradient":""},"tablet":{"background-color":"","background-image":"","background-repeat":"repeat","background-position":"center center","background-size":"auto","background-attachment":"scroll","background-type":"","background-media":"","overlay-type":"","overlay-color":"","overlay-opacity":"","overlay-gradient":""},"mobile":{"background-color":"","background-image":"","background-repeat":"repeat","background-position":"center center","background-size":"auto","background-attachment":"scroll","background-type":"","background-media":"","overlay-type":"","overlay-color":"","overlay-opacity":"","overlay-gradient":""}},"ast-content-background-meta":{"desktop":{"background-color":"var(--ast-global-color-5)","background-image":"","background-repeat":"repeat","background-position":"center center","background-size":"auto","background-attachment":"scroll","background-type":"","background-media":"","overlay-type":"","overlay-color":"","overlay-opacity":"","overlay-gradient":""},"tablet":{"background-color":"var(--ast-global-color-5)","background-image":"","background-repeat":"repeat","background-position":"center center","background-size":"auto","background-attachment":"scroll","background-type":"","background-media":"","overlay-type":"","overlay-color":"","overlay-opacity":"","overlay-gradient":""},"mobile":{"background-color":"var(--ast-global-color-5)","background-image":"","background-repeat":"repeat","background-position":"center center","background-size":"auto","background-attachment":"scroll","background-type":"","background-media":"","overlay-type":"","overlay-color":"","overlay-opacity":"","overlay-gradient":""}},"footnotes":""},"class_list":["post-13609","page","type-page","status-publish","hentry"],"_links":{"self":[{"href":"https:\/\/toursys.net\/fr\/wp-json\/wp\/v2\/pages\/13609","targetHints":{"allow":["GET"]}}],"collection":[{"href":"https:\/\/toursys.net\/fr\/wp-json\/wp\/v2\/pages"}],"about":[{"href":"https:\/\/toursys.net\/fr\/wp-json\/wp\/v2\/types\/page"}],"author":[{"embeddable":true,"href":"https:\/\/toursys.net\/fr\/wp-json\/wp\/v2\/users\/1"}],"replies":[{"embeddable":true,"href":"https:\/\/toursys.net\/fr\/wp-json\/wp\/v2\/comments?post=13609"}],"version-history":[{"count":0,"href":"https:\/\/toursys.net\/fr\/wp-json\/wp\/v2\/pages\/13609\/revisions"}],"wp:attachment":[{"href":"https:\/\/toursys.net\/fr\/wp-json\/wp\/v2\/media?parent=13609"}],"curies":[{"name":"wp","href":"https:\/\/api.w.org\/{rel}","templated":true}]}}