{"id":13570,"date":"2025-08-14T17:21:50","date_gmt":"2025-08-14T15:21:50","guid":{"rendered":"https:\/\/toursys.net\/toursys-brochure-software-para-agencias-viajes-operadores-turisticos\/"},"modified":"2026-01-30T17:48:06","modified_gmt":"2026-01-30T16:48:06","slug":"brochure-toursys-logiciel-agences-voyage-operateurs-touristiques","status":"publish","type":"page","link":"https:\/\/toursys.net\/fr\/brochure-toursys-logiciel-agences-voyage-operateurs-touristiques\/","title":{"rendered":"Toursys &#8211; Brochure de logiciels pour les agences de voyage et les tour-op\u00e9rateurs"},"content":{"rendered":"\t\t<div data-elementor-type=\"wp-page\" data-elementor-id=\"13570\" class=\"elementor elementor-13570 elementor-12670\" data-elementor-post-type=\"page\">\n\t\t\t\t<div class=\"elementor-element elementor-element-6299371 e-flex e-con-boxed e-con e-parent\" data-id=\"6299371\" data-element_type=\"container\" data-e-type=\"container\">\n\t\t\t\t\t<div class=\"e-con-inner\">\n\t\t<div class=\"elementor-element elementor-element-34fa1fd e-con-full e-flex e-con e-child\" data-id=\"34fa1fd\" data-element_type=\"container\" data-e-type=\"container\">\n\t\t\t\t<div class=\"elementor-element elementor-element-fce5cd8 elementor-widget__width-initial elementor-widget-laptop__width-initial elementor-widget elementor-widget-heading\" data-id=\"fce5cd8\" data-element_type=\"widget\" data-e-type=\"widget\" data-widget_type=\"heading.default\">\n\t\t\t\t<div class=\"elementor-widget-container\">\n\t\t\t\t\t<h1 class=\"elementor-heading-title elementor-size-default\">Brochure d'information sur Toursys<\/h1>\t\t\t\t<\/div>\n\t\t\t\t<\/div>\n\t\t\t\t<\/div>\n\t\t\t\t\t<\/div>\n\t\t\t\t<\/div>\n\t\t<div class=\"elementor-element elementor-element-a2fe182 e-flex e-con-boxed e-con e-parent\" data-id=\"a2fe182\" data-element_type=\"container\" data-e-type=\"container\">\n\t\t\t\t\t<div class=\"e-con-inner\">\n\t\t<div class=\"elementor-element elementor-element-450715b e-con-full e-flex e-con e-child\" data-id=\"450715b\" data-element_type=\"container\" data-e-type=\"container\">\n\t\t<div class=\"elementor-element elementor-element-78334d7 e-con-full e-flex e-con e-child\" data-id=\"78334d7\" data-element_type=\"container\" data-e-type=\"container\">\n\t\t\t\t<div class=\"elementor-element elementor-element-6c5430d elementor-widget__width-initial elementor-widget-tablet__width-initial elementor-widget elementor-widget-text-editor\" data-id=\"6c5430d\" data-element_type=\"widget\" data-e-type=\"widget\" data-widget_type=\"text-editor.default\">\n\t\t\t\t<div class=\"elementor-widget-container\">\n\t\t\t\t\t\t\t\t\t<p data-start=\"330\" data-end=\"632\">Boostez votre entreprise touristique avec <strong data-start=\"35\" data-end=\"88\">Toursys<\/strong>, le logiciel destin\u00e9 aux agences de voyages et aux op\u00e9rateurs touristiques qui optimise la gestion, les ventes et la relation client.<br data-start=\"222\" data-end=\"225\" \/>Cette brochure vous offre une vision compl\u00e8te de nos solutions afin de vous permettre de d\u00e9couvrir comment faire passer votre entreprise au niveau sup\u00e9rieur.<\/p><p data-start=\"845\" data-end=\"878\"><strong data-start=\"845\" data-end=\"878\">Dans cette brochure, vous d\u00e9couvrirez<\/strong><\/p><p data-start=\"881\" data-end=\"946\">\ud83d\udccc Qui sommes-nous et comment aidons-nous les entreprises touristiques \u00e0 se d\u00e9velopper ?<\/p><p data-start=\"949\" data-end=\"1006\">\ud83d\udccc Avantages de l&rsquo;utilisation d&rsquo;un logiciel de tourisme tout-en-un<\/p><p data-start=\"1009\" data-end=\"1066\">\ud83d\udccc Modules et solutions personnalisables pour votre entreprise<\/p><p data-start=\"1069\" data-end=\"1141\">Int\u00e9gration d&rsquo;API avec des plateformes de paiement, de distribution et de marketing<\/p><p data-start=\"1144\" data-end=\"1184\">\ud83d\udccc Services de soutien et de formation<\/p><p data-start=\"1187\" data-end=\"1252\">\ud83d\udccc Succ\u00e8s des agences de voyage et des voyagistes<\/p>\t\t\t\t\t\t\t\t<\/div>\n\t\t\t\t<\/div>\n\t\t\t\t<div class=\"elementor-element elementor-element-ced2d24 elementor-widget elementor-widget-image\" data-id=\"ced2d24\" data-element_type=\"widget\" data-e-type=\"widget\" data-widget_type=\"image.default\">\n\t\t\t\t<div class=\"elementor-widget-container\">\n\t\t\t\t\t\t\t\t\t\t\t\t\t\t\t<img fetchpriority=\"high\" decoding=\"async\" width=\"1024\" height=\"595\" src=\"https:\/\/toursys.net\/wp-content\/uploads\/2025\/08\/toursys-brochure-para-agencias-de-viajes-1024x595.webp\" class=\"attachment-large size-large wp-image-13571\" alt=\"Brochure d&#039;information\" srcset=\"https:\/\/toursys.net\/wp-content\/uploads\/2025\/08\/toursys-brochure-para-agencias-de-viajes-1024x595.webp 1024w, https:\/\/toursys.net\/wp-content\/uploads\/2025\/08\/toursys-brochure-para-agencias-de-viajes-300x174.webp 300w, https:\/\/toursys.net\/wp-content\/uploads\/2025\/08\/toursys-brochure-para-agencias-de-viajes-768x446.webp 768w, https:\/\/toursys.net\/wp-content\/uploads\/2025\/08\/toursys-brochure-para-agencias-de-viajes.webp 1029w\" sizes=\"(max-width: 1024px) 100vw, 1024px\" \/>\t\t\t\t\t\t\t\t\t\t\t\t\t\t\t<\/div>\n\t\t\t\t<\/div>\n\t\t\t\t<\/div>\n\t\t<div class=\"elementor-element elementor-element-fbfc5e0 e-con-full e-flex e-con e-child\" data-id=\"fbfc5e0\" data-element_type=\"container\" data-e-type=\"container\">\n\t\t\t\t<div class=\"elementor-element elementor-element-a0edf77 elementor-widget__width-initial elementor-widget-tablet__width-initial elementor-widget elementor-widget-form\" data-id=\"a0edf77\" data-element_type=\"widget\" data-e-type=\"widget\" data-settings=\"{&quot;button_width&quot;:&quot;50&quot;,&quot;step_next_label&quot;:&quot;Suivant&quot;,&quot;step_previous_label&quot;:&quot;Pr\\u00e9c\\u00e9dent&quot;,&quot;button_width_laptop&quot;:&quot;100&quot;,&quot;step_type&quot;:&quot;number_text&quot;,&quot;step_icon_shape&quot;:&quot;circle&quot;}\" data-widget_type=\"form.default\">\n\t\t\t\t<div class=\"elementor-widget-container\">\n\t\t\t\t\t\t\t<form class=\"elementor-form\" method=\"post\" name=\"Formulaire de contact FR\">\n\t\t\t<input type=\"hidden\" name=\"post_id\" value=\"13570\"\/>\n\t\t\t<input type=\"hidden\" name=\"form_id\" value=\"a0edf77\"\/>\n\t\t\t<input type=\"hidden\" name=\"referer_title\" value=\"Brochure du logiciel d&#039;agence de voyage | Toursys\" \/>\n\n\t\t\t\t\t\t\t<input type=\"hidden\" name=\"queried_id\" value=\"13570\"\/>\n\t\t\t\n\t\t\t<div class=\"elementor-form-fields-wrapper elementor-labels-above\">\n\t\t\t\t\t\t\t\t<div class=\"elementor-field-type-text elementor-field-group elementor-column elementor-field-group-nombre elementor-col-100 elementor-field-required elementor-mark-required\">\n\t\t\t\t\t\t\t\t\t\t\t\t<label for=\"form-field-nombre\" class=\"elementor-field-label\">\n\t\t\t\t\t\t\t\tNom et pr\u00e9nom\t\t\t\t\t\t\t<\/label>\n\t\t\t\t\t\t\t\t\t\t\t\t\t\t<input size=\"1\" type=\"text\" name=\"form_fields[nombre]\" id=\"form-field-nombre\" class=\"elementor-field elementor-size-sm  elementor-field-textual\" required=\"required\">\n\t\t\t\t\t\t\t\t\t\t\t<\/div>\n\t\t\t\t\t\t\t\t<div class=\"elementor-field-type-text elementor-field-group elementor-column elementor-field-group-company elementor-col-100 elementor-field-required elementor-mark-required\">\n\t\t\t\t\t\t\t\t\t\t\t\t<label for=\"form-field-company\" class=\"elementor-field-label\">\n\t\t\t\t\t\t\t\tNom de l'entreprise\t\t\t\t\t\t\t<\/label>\n\t\t\t\t\t\t\t\t\t\t\t\t\t\t<input size=\"1\" type=\"text\" name=\"form_fields[company]\" id=\"form-field-company\" class=\"elementor-field elementor-size-sm  elementor-field-textual\" required=\"required\">\n\t\t\t\t\t\t\t\t\t\t\t<\/div>\n\t\t\t\t\t\t\t\t<div class=\"elementor-field-type-email elementor-field-group elementor-column elementor-field-group-email elementor-col-100 elementor-field-required elementor-mark-required\">\n\t\t\t\t\t\t\t\t\t\t\t\t<label for=\"form-field-email\" class=\"elementor-field-label\">\n\t\t\t\t\t\t\t\tAdresse \u00e9lectronique\t\t\t\t\t\t\t<\/label>\n\t\t\t\t\t\t\t\t\t\t\t\t\t\t<input size=\"1\" type=\"email\" name=\"form_fields[email]\" id=\"form-field-email\" class=\"elementor-field elementor-size-sm  elementor-field-textual\" required=\"required\">\n\t\t\t\t\t\t\t\t\t\t\t<\/div>\n\t\t\t\t\t\t\t\t<div class=\"elementor-field-type-tel elementor-field-group elementor-column elementor-field-group-tel elementor-col-100 elementor-field-required elementor-mark-required\">\n\t\t\t\t\t\t\t\t\t\t\t\t<label for=\"form-field-tel\" class=\"elementor-field-label\">\n\t\t\t\t\t\t\t\tT\u00e9l\u00e9phone\t\t\t\t\t\t\t<\/label>\n\t\t\t\t\t\t\t\t<input size=\"1\" type=\"tel\" name=\"form_fields[tel]\" id=\"form-field-tel\" class=\"elementor-field elementor-size-sm  elementor-field-textual\" required=\"required\" pattern=\"[0-9()#&amp;+*-=.]+\" title=\"Only numbers and phone characters (#, -, *, etc) are accepted.\">\n\n\t\t\t\t\t\t<\/div>\n\t\t\t\t\t\t\t\t<div class=\"elementor-field-type-text elementor-field-group elementor-column elementor-field-group-website elementor-col-100 elementor-field-required elementor-mark-required\">\n\t\t\t\t\t\t\t\t\t\t\t\t<label for=\"form-field-website\" class=\"elementor-field-label\">\n\t\t\t\t\t\t\t\tSite web\t\t\t\t\t\t\t<\/label>\n\t\t\t\t\t\t\t\t\t\t\t\t\t\t<input size=\"1\" type=\"text\" name=\"form_fields[website]\" id=\"form-field-website\" class=\"elementor-field elementor-size-sm  elementor-field-textual\" required=\"required\">\n\t\t\t\t\t\t\t\t\t\t\t<\/div>\n\t\t\t\t\t\t\t\t<div class=\"elementor-field-type-select elementor-field-group elementor-column elementor-field-group-companytype elementor-col-100 elementor-field-required elementor-mark-required\">\n\t\t\t\t\t\t\t\t\t\t\t\t<label for=\"form-field-companytype\" class=\"elementor-field-label\">\n\t\t\t\t\t\t\t\tType d'entreprise touristique\t\t\t\t\t\t\t<\/label>\n\t\t\t\t\t\t\t\t<div class=\"elementor-field elementor-select-wrapper remove-before \">\n\t\t\t<div class=\"select-caret-down-wrapper\">\n\t\t\t\t<svg aria-hidden=\"true\" class=\"e-font-icon-svg e-eicon-caret-down\" viewBox=\"0 0 571.4 571.4\" xmlns=\"http:\/\/www.w3.org\/2000\/svg\"><path d=\"M571 393Q571 407 561 418L311 668Q300 679 286 679T261 668L11 418Q0 407 0 393T11 368 36 357H536Q550 357 561 368T571 393Z\"><\/path><\/svg>\t\t\t<\/div>\n\t\t\t<select name=\"form_fields[companytype]\" id=\"form-field-companytype\" class=\"elementor-field-textual elementor-size-sm\" required=\"required\">\n\t\t\t\t\t\t\t\t\t<option value=\"Voyages d&#039;affaires\">Voyages d&#039;affaires<\/option>\n\t\t\t\t\t\t\t\t\t<option value=\"Tour-op\u00e9rateur entrant\">Tour-op\u00e9rateur entrant<\/option>\n\t\t\t\t\t\t\t\t\t<option value=\"Tour-op\u00e9rateur sortant\">Tour-op\u00e9rateur sortant<\/option>\n\t\t\t\t\t\t\t\t\t<option value=\"Agence de voyage\">Agence de voyage<\/option>\n\t\t\t\t\t\t\t\t\t<option value=\"Agence de voyage en ligne\">Agence de voyage en ligne<\/option>\n\t\t\t\t\t\t\t\t\t<option value=\"Tour-op\u00e9rateur de ski\">Tour-op\u00e9rateur de ski<\/option>\n\t\t\t\t\t\t\t\t\t<option value=\"Tour-op\u00e9rateur FIT\">Tour-op\u00e9rateur FIT<\/option>\n\t\t\t\t\t\t\t\t\t<option value=\"Distributeur \/ Revendeur\">Distributeur \/ Revendeur<\/option>\n\t\t\t\t\t\t\t\t\t<option value=\"D\u00e9veloppeur Web\">D\u00e9veloppeur Web<\/option>\n\t\t\t\t\t\t\t\t\t<option value=\"DMC (Destination Management Company)\">DMC (Destination Management Company)<\/option>\n\t\t\t\t\t\t\t\t\t<option value=\"MICE (Meetings, Incentives, Conferences and Exhibitions)\">MICE (Meetings, Incentives, Conferences and Exhibitions)<\/option>\n\t\t\t\t\t\t\t\t\t<option value=\"Autre\">Autre<\/option>\n\t\t\t\t\t\t\t<\/select>\n\t\t<\/div>\n\t\t\t\t\t\t<\/div>\n\t\t\t\t\t\t\t\t<div class=\"elementor-field-type-select elementor-field-group elementor-column elementor-field-group-employee elementor-col-100 elementor-field-required elementor-mark-required\">\n\t\t\t\t\t\t\t\t\t\t\t\t<label for=\"form-field-employee\" class=\"elementor-field-label\">\n\t\t\t\t\t\t\t\tNombre de salari\u00e9s\t\t\t\t\t\t\t<\/label>\n\t\t\t\t\t\t\t\t<div class=\"elementor-field elementor-select-wrapper remove-before \">\n\t\t\t<div class=\"select-caret-down-wrapper\">\n\t\t\t\t<svg aria-hidden=\"true\" class=\"e-font-icon-svg e-eicon-caret-down\" viewBox=\"0 0 571.4 571.4\" xmlns=\"http:\/\/www.w3.org\/2000\/svg\"><path d=\"M571 393Q571 407 561 418L311 668Q300 679 286 679T261 668L11 418Q0 407 0 393T11 368 36 357H536Q550 357 561 368T571 393Z\"><\/path><\/svg>\t\t\t<\/div>\n\t\t\t<select name=\"form_fields[employee]\" id=\"form-field-employee\" class=\"elementor-field-textual elementor-size-sm\" required=\"required\">\n\t\t\t\t\t\t\t\t\t<option value=\"1-5\">1-5<\/option>\n\t\t\t\t\t\t\t\t\t<option value=\"6-10\">6-10<\/option>\n\t\t\t\t\t\t\t\t\t<option value=\"11-15\">11-15<\/option>\n\t\t\t\t\t\t\t\t\t<option value=\"16-20\">16-20<\/option>\n\t\t\t\t\t\t\t\t\t<option value=\"21-30\">21-30<\/option>\n\t\t\t\t\t\t\t\t\t<option value=\"31-50\">31-50<\/option>\n\t\t\t\t\t\t\t\t\t<option value=\"51-100\">51-100<\/option>\n\t\t\t\t\t\t\t\t\t<option value=\"100+\">100+<\/option>\n\t\t\t\t\t\t\t<\/select>\n\t\t<\/div>\n\t\t\t\t\t\t<\/div>\n\t\t\t\t\t\t\t\t<div class=\"elementor-field-type-recaptcha_v3 elementor-field-group elementor-column elementor-field-group-field_c553eb2 elementor-col-100 recaptcha_v3-bottomright\">\n\t\t\t\t\t<div class=\"elementor-field\" id=\"form-field-field_c553eb2\"><div class=\"elementor-g-recaptcha\" data-sitekey=\"6LdujFArAAAAAHWx7MnXvqrX01z_rcuOA2ZQQaDF\" data-type=\"v3\" data-action=\"Form\" data-badge=\"bottomright\" data-size=\"invisible\"><\/div><\/div>\t\t\t\t<\/div>\n\t\t\t\t\t\t\t\t<div class=\"elementor-field-group elementor-column elementor-field-type-submit elementor-col-50 e-form__buttons\">\n\t\t\t\t\t<button class=\"elementor-button elementor-size-lg elementor-animation-grow\" type=\"submit\">\n\t\t\t\t\t\t<span class=\"elementor-button-content-wrapper\">\n\t\t\t\t\t\t\t\t\t\t\t\t\t\t\t\t\t\t\t\t\t\t<span class=\"elementor-button-text\">T\u00e9l\u00e9chargez la brochure<\/span>\n\t\t\t\t\t\t\t\t\t\t\t\t\t<\/span>\n\t\t\t\t\t<\/button>\n\t\t\t\t<\/div>\n\t\t\t<\/div>\n\t\t<\/form>\n\t\t\t\t\t\t<\/div>\n\t\t\t\t<\/div>\n\t\t\t\t<\/div>\n\t\t\t\t<\/div>\n\t\t\t\t\t<\/div>\n\t\t\t\t<\/div>\n\t\t<div class=\"elementor-element elementor-element-17dc148 e-con-full e-flex e-con e-parent\" data-id=\"17dc148\" data-element_type=\"container\" data-e-type=\"container\" data-settings=\"{&quot;background_background&quot;:&quot;gradient&quot;}\">\n\t\t\t\t<div class=\"elementor-element elementor-element-d506c51 elementor-widget__width-initial elementor-widget-widescreen__width-initial elementor-widget-laptop__width-initial elementor-widget-tablet__width-initial elementor-widget-mobile__width-initial elementor-widget elementor-widget-heading\" data-id=\"d506c51\" data-element_type=\"widget\" data-e-type=\"widget\" data-widget_type=\"heading.default\">\n\t\t\t\t<div class=\"elementor-widget-container\">\n\t\t\t\t\t<h2 class=\"elementor-heading-title elementor-size-default\">D\u00e9couvrez comment optimiser votre agence et augmenter vos ventes avec Toursys\n<\/h2>\t\t\t\t<\/div>\n\t\t\t\t<\/div>\n\t\t\t\t<div class=\"elementor-element elementor-element-5907c93 elementor-widget elementor-widget-button\" data-id=\"5907c93\" data-element_type=\"widget\" data-e-type=\"widget\" data-widget_type=\"button.default\">\n\t\t\t\t<div class=\"elementor-widget-container\">\n\t\t\t\t\t\t\t\t\t<div class=\"elementor-button-wrapper\">\n\t\t\t\t\t<a class=\"elementor-button elementor-button-link elementor-size-sm\" href=\"https:\/\/toursysinternational.toursys.net\/ToursysAdmin\/customers\/trialRegisterLandingPage.xhtml?source=Website&#038;language=es\" target=\"_blank\">\n\t\t\t\t\t\t<span class=\"elementor-button-content-wrapper\">\n\t\t\t\t\t\t\t\t\t<span class=\"elementor-button-text\">Commencez d\u00e8s aujourd'hui<\/span>\n\t\t\t\t\t<\/span>\n\t\t\t\t\t<\/a>\n\t\t\t\t<\/div>\n\t\t\t\t\t\t\t\t<\/div>\n\t\t\t\t<\/div>\n\t\t\t\t<\/div>\n\t\t\t\t<\/div>\n\t\t","protected":false},"excerpt":{"rendered":"<p>Brochure d&rsquo;information sur Toursys Boostez votre entreprise touristique avec Toursys, le logiciel destin\u00e9 aux agences de voyages et aux op\u00e9rateurs touristiques qui optimise la gestion, les ventes et la relation client.Cette brochure vous offre une vision compl\u00e8te de nos solutions afin de vous permettre de d\u00e9couvrir comment faire passer votre entreprise au niveau sup\u00e9rieur. Dans [&hellip;]<\/p>\n","protected":false},"author":1,"featured_media":13571,"parent":0,"menu_order":0,"comment_status":"closed","ping_status":"closed","template":"","meta":{"site-sidebar-layout":"no-sidebar","site-content-layout":"page-builder","ast-site-content-layout":"full-width-container","site-content-style":"default","site-sidebar-style":"default","ast-global-header-display":"","ast-banner-title-visibility":"","ast-main-header-display":"","ast-hfb-above-header-display":"","ast-hfb-below-header-display":"","ast-hfb-mobile-header-display":"","site-post-title":"disabled","ast-breadcrumbs-content":"","ast-featured-img":"disabled","footer-sml-layout":"","ast-disable-related-posts":"","theme-transparent-header-meta":"","adv-header-id-meta":"","stick-header-meta":"","header-above-stick-meta":"","header-main-stick-meta":"","header-below-stick-meta":"","astra-migrate-meta-layouts":"default","ast-page-background-enabled":"default","ast-page-background-meta":{"desktop":{"background-color":"","background-image":"","background-repeat":"repeat","background-position":"center center","background-size":"auto","background-attachment":"scroll","background-type":"","background-media":"","overlay-type":"","overlay-color":"","overlay-opacity":"","overlay-gradient":""},"tablet":{"background-color":"","background-image":"","background-repeat":"repeat","background-position":"center center","background-size":"auto","background-attachment":"scroll","background-type":"","background-media":"","overlay-type":"","overlay-color":"","overlay-opacity":"","overlay-gradient":""},"mobile":{"background-color":"","background-image":"","background-repeat":"repeat","background-position":"center center","background-size":"auto","background-attachment":"scroll","background-type":"","background-media":"","overlay-type":"","overlay-color":"","overlay-opacity":"","overlay-gradient":""}},"ast-content-background-meta":{"desktop":{"background-color":"var(--ast-global-color-5)","background-image":"","background-repeat":"repeat","background-position":"center center","background-size":"auto","background-attachment":"scroll","background-type":"","background-media":"","overlay-type":"","overlay-color":"","overlay-opacity":"","overlay-gradient":""},"tablet":{"background-color":"var(--ast-global-color-5)","background-image":"","background-repeat":"repeat","background-position":"center center","background-size":"auto","background-attachment":"scroll","background-type":"","background-media":"","overlay-type":"","overlay-color":"","overlay-opacity":"","overlay-gradient":""},"mobile":{"background-color":"var(--ast-global-color-5)","background-image":"","background-repeat":"repeat","background-position":"center center","background-size":"auto","background-attachment":"scroll","background-type":"","background-media":"","overlay-type":"","overlay-color":"","overlay-opacity":"","overlay-gradient":""}},"footnotes":""},"class_list":["post-13570","page","type-page","status-publish","has-post-thumbnail","hentry"],"_links":{"self":[{"href":"https:\/\/toursys.net\/fr\/wp-json\/wp\/v2\/pages\/13570","targetHints":{"allow":["GET"]}}],"collection":[{"href":"https:\/\/toursys.net\/fr\/wp-json\/wp\/v2\/pages"}],"about":[{"href":"https:\/\/toursys.net\/fr\/wp-json\/wp\/v2\/types\/page"}],"author":[{"embeddable":true,"href":"https:\/\/toursys.net\/fr\/wp-json\/wp\/v2\/users\/1"}],"replies":[{"embeddable":true,"href":"https:\/\/toursys.net\/fr\/wp-json\/wp\/v2\/comments?post=13570"}],"version-history":[{"count":0,"href":"https:\/\/toursys.net\/fr\/wp-json\/wp\/v2\/pages\/13570\/revisions"}],"wp:featuredmedia":[{"embeddable":true,"href":"https:\/\/toursys.net\/fr\/wp-json\/wp\/v2\/media\/13571"}],"wp:attachment":[{"href":"https:\/\/toursys.net\/fr\/wp-json\/wp\/v2\/media?parent=13570"}],"curies":[{"name":"wp","href":"https:\/\/api.w.org\/{rel}","templated":true}]}}